{"id":2,"date":"2008-03-07T17:59:55","date_gmt":"2008-03-07T16:59:55","guid":{"rendered":""},"modified":"2017-01-13T13:33:00","modified_gmt":"2017-01-13T12:33:00","slug":"about","status":"publish","type":"page","link":"https:\/\/blogs.ethz.ch\/id\/about\/","title":{"rendered":"About"},"content":{"rendered":"<p>Die Informatikdienste sind der zentrale Anbieter der ETH Z\u00fcrich f\u00fcr Informatik-Dienstleistungen (<a href=\"https:\/\/www.ethz.ch\/services\/de\/organisation\/abteilungen\/informatikdienste.html\" target=\"_blank\">ID-Organisation<\/a> und <a href=\"https:\/\/www.ethz.ch\/services\/de\/it-services.html\" target=\"_blank\">IT-Services<\/a>). Wir informieren Sie hier \u00fcber Neuerungen, \u00abBest Practices\u00bb, \u00abFacts and Figures\u00bb und vieles mehr aus unserer Dienstleistungspalette.<\/p>\n<p>Mitarbeitende der Informatikdienste berichten als Anbieter ihrer Dienstleistungen \u00fcber ihre pers\u00f6nlichen Erfahrungen, Anliegen und Pl\u00e4ne. Wir freuen uns \u00fcber Ihre Kommentare mit Ihren Erfahrungen,\u00a0Ihren Anregungen und W\u00fcnschen!<\/p>\n<p>Der ID-Blog soll eine erg\u00e4nzende und interaktive Informationsplattform zu den bestehenden Angeboten (Mailings, <a href=\"https:\/\/www.ethz.ch\/services\/de\/it-services\/dokumente.html\" target=\"_blank\">Drucksachen<\/a>\u00a0und Veranstaltungen) sein. Bei Bedarf werden wir Informationen \u00fcber mehrere Kan\u00e4le anbieten und Erkenntnisse aus dem ID-Blog in die ID-Webseite einbauen.<\/p>\n<p>Buchen Sie einen RSS-Feed und bleiben sie auf dem Laufenden \u00fcber die neuesten Entwicklungen in den Informatikdiensten und wie diese Ihre t\u00e4gliche Arbeit vereinfachen und verbessern k\u00f6nnen!<\/p>\n<p>Mit freundlichen Gr\u00fcssen<br \/>\nIhre Informatikdienste<\/p>\n","protected":false},"excerpt":{"rendered":"<p>Die Informatikdienste sind der zentrale Anbieter der ETH Z\u00fcrich f\u00fcr Informatik-Dienstleistungen (ID-Organisation und IT-Services). Wir informieren Sie hier \u00fcber Neuerungen, \u00abBest Practices\u00bb, \u00abFacts and Figures\u00bb und vieles mehr aus unserer Dienstleistungspalette. Mitarbeitende der Informatikdienste berichten als Anbieter ihrer Dienstleistungen \u00fcber ihre pers\u00f6nlichen Erfahrungen, Anliegen und Pl\u00e4ne. Wir freuen uns \u00fcber Ihre Kommentare mit Ihren Erfahrungen,\u00a0Ihren [&hellip;]<\/p>\n","protected":false},"author":4,"featured_media":0,"parent":0,"menu_order":0,"comment_status":"open","ping_status":"closed","template":"","meta":{"footnotes":""},"class_list":["post-2","page","type-page","status-publish","hentry"],"_links":{"self":[{"href":"https:\/\/blogs.ethz.ch\/id\/wp-json\/wp\/v2\/pages\/2","targetHints":{"allow":["GET"]}}],"collection":[{"href":"https:\/\/blogs.ethz.ch\/id\/wp-json\/wp\/v2\/pages"}],"about":[{"href":"https:\/\/blogs.ethz.ch\/id\/wp-json\/wp\/v2\/types\/page"}],"author":[{"embeddable":true,"href":"https:\/\/blogs.ethz.ch\/id\/wp-json\/wp\/v2\/users\/4"}],"replies":[{"embeddable":true,"href":"https:\/\/blogs.ethz.ch\/id\/wp-json\/wp\/v2\/comments?post=2"}],"version-history":[{"count":0,"href":"https:\/\/blogs.ethz.ch\/id\/wp-json\/wp\/v2\/pages\/2\/revisions"}],"wp:attachment":[{"href":"https:\/\/blogs.ethz.ch\/id\/wp-json\/wp\/v2\/media?parent=2"}],"curies":[{"name":"wp","href":"https:\/\/api.w.org\/{rel}","templated":true}]}}