{"id":10,"date":"2015-08-05T02:49:58","date_gmt":"2015-08-05T00:49:58","guid":{"rendered":"https:\/\/wpethzprd.ethz.ch\/emee_test\/?page_id=7"},"modified":"2024-09-19T14:37:32","modified_gmt":"2024-09-19T12:37:32","slug":"network","status":"publish","type":"page","link":"https:\/\/blogs.ethz.ch\/emee\/network\/","title":{"rendered":"Network Organizers"},"content":{"rendered":"<h4 class=\"heading\">Network Organizers:<\/h4>\n<ul>\n<li>Massimo Filippini (<strong>Network Coordinator<\/strong>) \u2013 ETH Zurich and USI Lugano, Switzerland<\/li>\n<li>Anna Alberini \u2013 University of Maryland, U.S.<\/li>\n<li>Kenneth Gillingham \u2013 Yale University, U.S.<\/li>\n<li>Sebastien Houde, University of Lausanne<\/li>\n<\/ul>\n<h4 class=\"heading\">Local Workshop Organizers:<\/h4>\n<p class=\"p\"><em>(determined every year)<\/em><\/p>\n<p>2024: <a href=\"http:\/\/www.cepe.ethz.ch\/\" target=\"_blank\" rel=\"noopener noreferrer\">Massimo Filippini (CEPE, ETH Z\u00fcrich).<\/a><br \/>2023: <a href=\"https:\/\/resources.environment.yale.edu\/gillingham\/\" target=\"_blank\" rel=\"noopener noreferrer\">Kenneth Gillingham (Yale University)<\/a><br \/>2020: <a href=\"http:\/\/www.cepe.ethz.ch\/\" target=\"_blank\" rel=\"noopener noreferrer\">Massimo Filippini (CEPE, ETH Z\u00fcrich)<\/a>, <a href=\"http:\/\/www.cepe.ethz.ch\/\">S\u00e9bastien Houde (CEPE, ETH Z\u00fcrich)<\/a><br \/>2019: <a href=\"https:\/\/www.create.ulaval.ca\/\">Markus Herrmann (CREATE, U. Laval)<\/a>, <a href=\"http:\/\/www.cepe.ethz.ch\/\">S\u00e9bastien Houde (CEPE, ETH Z\u00fcrich)<\/a><br \/>2018: <a href=\"https:\/\/www.feem.it\/en\/\">Andrea Bigano, Valeria Di Cosmo and Laura Pellizzola (FEEM, Italy)<\/a><br \/>2017: <a href=\"https:\/\/priceschool.usc.edu\/\" target=\"_blank\" rel=\"noopener noreferrer\">Antonio Bento (USCPrice , University of Southern California)<\/a><br \/>2016: <a href=\"http:\/\/www.unioviedo.es\/oeg\/\" target=\"_blank\" rel=\"noopener noreferrer\">Luis Orea (OEG, University of Oviedo)<\/a><br \/>2015: <a href=\"http:\/\/www.arec.umd.edu\/\" target=\"_blank\" rel=\"noopener noreferrer\">Anna Alberini (AREC, University of Maryland)<\/a><br \/>2014: <a href=\"http:\/\/www.fcn.eonerc.rwth-aachen.de\/\" target=\"_blank\" rel=\"noopener noreferrer\">Reinhard Madlener (FCN, RWTH Aachen University)<\/a><br \/>2013: <a href=\"https:\/\/uofa.ualberta.ca\/economics\" target=\"_blank\" rel=\"noopener noreferrer\">David L Ryan (Dept. of Economics, University of Alberta)<\/a><br \/>2012: Anne Neumann (University of Potsdam and DIW Berlin)<br \/>2011: <a href=\"http:\/\/www.smu.edu\/cox\" target=\"_blank\" rel=\"noopener noreferrer\">James L. Smith (SMU Cox School of Business)<\/a><br \/>2010: Lester C Hunt (SEEC, University of Surrey)<br \/>2009: <a href=\"https:\/\/uofa.ualberta.ca\/economics\" target=\"_blank\" rel=\"noopener noreferrer\">David L Ryan (Dept. of Economics, University of Alberta)<br \/><\/a>2008: <a href=\"http:\/\/www.cepe.ethz.ch\/\" target=\"_blank\" rel=\"noopener noreferrer\">Massimo Filippini (CEPE, ETH Z\u00fcrich)<\/a><\/p>\n\n\n<p><\/p>\n","protected":false},"excerpt":{"rendered":"<p>Network Organizers: Massimo Filippini (Network Coordinator) \u2013 ETH Zurich and USI Lugano, Switzerland Anna Alberini \u2013 University of Maryland, U.S. Kenneth Gillingham \u2013 Yale University, U.S. Sebastien Houde, University of Lausanne Local Workshop Organizers: (determined every year) 2024: Massimo Filippini (CEPE, ETH Z\u00fcrich).2023: Kenneth Gillingham (Yale University)2020: Massimo Filippini (CEPE, ETH Z\u00fcrich), S\u00e9bastien Houde (CEPE, [&hellip;]<\/p>\n","protected":false},"author":39962,"featured_media":0,"parent":0,"menu_order":2,"comment_status":"closed","ping_status":"closed","template":"","meta":{"footnotes":""},"class_list":["post-10","page","type-page","status-publish","hentry"],"_links":{"self":[{"href":"https:\/\/blogs.ethz.ch\/emee\/wp-json\/wp\/v2\/pages\/10","targetHints":{"allow":["GET"]}}],"collection":[{"href":"https:\/\/blogs.ethz.ch\/emee\/wp-json\/wp\/v2\/pages"}],"about":[{"href":"https:\/\/blogs.ethz.ch\/emee\/wp-json\/wp\/v2\/types\/page"}],"author":[{"embeddable":true,"href":"https:\/\/blogs.ethz.ch\/emee\/wp-json\/wp\/v2\/users\/39962"}],"replies":[{"embeddable":true,"href":"https:\/\/blogs.ethz.ch\/emee\/wp-json\/wp\/v2\/comments?post=10"}],"version-history":[{"count":0,"href":"https:\/\/blogs.ethz.ch\/emee\/wp-json\/wp\/v2\/pages\/10\/revisions"}],"wp:attachment":[{"href":"https:\/\/blogs.ethz.ch\/emee\/wp-json\/wp\/v2\/media?parent=10"}],"curies":[{"name":"wp","href":"https:\/\/api.w.org\/{rel}","templated":true}]}}