{"id":2,"date":"2018-04-20T10:58:24","date_gmt":"2018-04-20T08:58:24","guid":{"rendered":"https:\/\/wpethzprd.ethz.ch\/coffeelectures\/?page_id=2"},"modified":"2024-04-10T15:18:06","modified_gmt":"2024-04-10T13:18:06","slug":"ueber-diese-seite","status":"publish","type":"page","link":"https:\/\/blogs.ethz.ch\/coffeelectures\/ueber-diese-seite\/","title":{"rendered":"\u00dcber diese Plattform"},"content":{"rendered":"<p>Diese \u00f6ffentliche Plattform ist f\u00fcr alle, die das &#8222;kleine Format&#8220; Coffee Lectures in ihren Bibliotheken eingef\u00fchrt haben oder einf\u00fchren wollen.<\/p>\n","protected":false},"excerpt":{"rendered":"<p>Diese \u00f6ffentliche Plattform ist f\u00fcr alle, die das &#8222;kleine Format&#8220; Coffee Lectures in ihren Bibliotheken eingef\u00fchrt haben oder einf\u00fchren wollen.<\/p>\n","protected":false},"author":38460,"featured_media":0,"parent":0,"menu_order":0,"comment_status":"closed","ping_status":"open","template":"","meta":{"footnotes":""},"class_list":["post-2","page","type-page","status-publish","hentry"],"_links":{"self":[{"href":"https:\/\/blogs.ethz.ch\/coffeelectures\/wp-json\/wp\/v2\/pages\/2","targetHints":{"allow":["GET"]}}],"collection":[{"href":"https:\/\/blogs.ethz.ch\/coffeelectures\/wp-json\/wp\/v2\/pages"}],"about":[{"href":"https:\/\/blogs.ethz.ch\/coffeelectures\/wp-json\/wp\/v2\/types\/page"}],"author":[{"embeddable":true,"href":"https:\/\/blogs.ethz.ch\/coffeelectures\/wp-json\/wp\/v2\/users\/38460"}],"replies":[{"embeddable":true,"href":"https:\/\/blogs.ethz.ch\/coffeelectures\/wp-json\/wp\/v2\/comments?post=2"}],"version-history":[{"count":0,"href":"https:\/\/blogs.ethz.ch\/coffeelectures\/wp-json\/wp\/v2\/pages\/2\/revisions"}],"wp:attachment":[{"href":"https:\/\/blogs.ethz.ch\/coffeelectures\/wp-json\/wp\/v2\/media?parent=2"}],"curies":[{"name":"wp","href":"https:\/\/api.w.org\/{rel}","templated":true}]}}