{"id":43,"date":"2010-09-06T22:05:55","date_gmt":"2010-09-06T20:05:55","guid":{"rendered":"http:\/\/acm.vis.ethz.ch\/blog\/?page_id=43"},"modified":"2024-03-04T20:15:08","modified_gmt":"2024-03-04T19:15:08","slug":"teilnahmebedingungen","status":"publish","type":"page","link":"https:\/\/blogs.ethz.ch\/acmicpc\/about-icpc\/teilnahmebedingungen\/","title":{"rendered":"Rules of Participation \/ Teilnahmebedingungen"},"content":{"rendered":"<p><em>German version below<\/em><\/p>\n<p><strong>Rules<\/strong><\/p>\n<p>The rules for participating in ICPC change each year. So far they were the these:<\/p>\n<ul>\n<li>All participants must agree to the contest rules.<\/li>\n<li>All participants must be students at the university for which their team competes (ETH Zurich)<\/li>\n<li>In case they win, all participants of the local contest must be willing to travel to the regional contest (and if they win there again to the world finals).<\/li>\n<li>All participants must satisfy the rules by the ICPC (given by the flow chart linked in the blog post for the annual local contest).<\/li>\n<\/ul>\n<p>If the rules change, we will announce it in time. If anything is unclear let us know cpc \u00e4t vis dot ethz dot ch.<\/p>\n<p><strong>Regeln<\/strong><\/p>\n<p>Die Regeln f\u00fcr die Teilnahme am ICPC werden jedes Jahr \u00fcberarbeitet. Bisher galten folgende Regeln:<\/p>\n<ul>\n<li>Alle Teilnehmer m\u00fcssen die Contest Regeln akzeptieren.<\/li>\n<li>Alle Teilnehmer m\u00fcssen an der Hochschule (ETH Z\u00fcrich), zu denen ihr Team geh\u00f6rt, immatrikuliert sein.<\/li>\n<li>Alle Teilnehmer m\u00fcssen gewillt sein, bei Gewinn des Local Contests an den Regional Contest zu reisen \u00a0(und bei dessen Gewinn allenfalls auch an die World Finals.<\/li>\n<li>Die Teilnehmer m\u00fcssen die Teilnahmebedingungen des ICPC erf\u00fcllen (das Flussdiagramm, das im Artikel zum Local Contest verlinkt ist)<\/li>\n<\/ul>\n<p>Wenn sich diese Regeln noch \u00e4ndern sollten, werden wir das rechtzeitig bekannt geben. Bei Fragen oder Unklarheiten: <span style=\"text-decoration: underline,\">cpc \u00e4t vis punkt ethz punkt ch<\/span><\/p>\n","protected":false},"excerpt":{"rendered":"<p>German version below Rules The rules for participating in ICPC change each year. So far they were the these: All participants must agree to the contest rules. All participants must be students at the university for which their team competes (ETH Zurich) In case they win, all participants of the local contest must be willing &hellip; <\/p>\n<p class=\"link-more\"><a href=\"https:\/\/blogs.ethz.ch\/acmicpc\/about-icpc\/teilnahmebedingungen\/\" class=\"more-link\">Continue reading<span class=\"screen-reader-text\"> &#8220;Rules of Participation \/ Teilnahmebedingungen&#8221;<\/span><\/a><\/p>\n","protected":false},"author":44384,"featured_media":0,"parent":2,"menu_order":0,"comment_status":"open","ping_status":"open","template":"","meta":{"footnotes":""},"class_list":["post-43","page","type-page","status-publish","hentry"],"_links":{"self":[{"href":"https:\/\/blogs.ethz.ch\/acmicpc\/wp-json\/wp\/v2\/pages\/43","targetHints":{"allow":["GET"]}}],"collection":[{"href":"https:\/\/blogs.ethz.ch\/acmicpc\/wp-json\/wp\/v2\/pages"}],"about":[{"href":"https:\/\/blogs.ethz.ch\/acmicpc\/wp-json\/wp\/v2\/types\/page"}],"author":[{"embeddable":true,"href":"https:\/\/blogs.ethz.ch\/acmicpc\/wp-json\/wp\/v2\/users\/44384"}],"replies":[{"embeddable":true,"href":"https:\/\/blogs.ethz.ch\/acmicpc\/wp-json\/wp\/v2\/comments?post=43"}],"version-history":[{"count":0,"href":"https:\/\/blogs.ethz.ch\/acmicpc\/wp-json\/wp\/v2\/pages\/43\/revisions"}],"up":[{"embeddable":true,"href":"https:\/\/blogs.ethz.ch\/acmicpc\/wp-json\/wp\/v2\/pages\/2"}],"wp:attachment":[{"href":"https:\/\/blogs.ethz.ch\/acmicpc\/wp-json\/wp\/v2\/media?parent=43"}],"curies":[{"name":"wp","href":"https:\/\/api.w.org\/{rel}","templated":true}]}}